{"id":62,"date":"2019-03-15T15:09:59","date_gmt":"2019-03-15T15:09:59","guid":{"rendered":"https:\/\/sommetpourlespoir.com\/?page_id=2"},"modified":"2025-10-22T20:56:02","modified_gmt":"2025-10-22T18:56:02","slug":"home","status":"publish","type":"page","link":"https:\/\/sommetpourlespoir.com\/","title":{"rendered":"Home"},"content":{"rendered":"","protected":false},"excerpt":{"rendered":"","protected":false},"author":1,"featured_media":94,"parent":0,"menu_order":0,"comment_status":"open","ping_status":"closed","template":"","meta":{"footnotes":""},"class_list":["post-62","page","type-page","status-publish","has-post-thumbnail","hentry"],"yoast_head":"<!-- This site is optimized with the Yoast SEO plugin v25.3 - https:\/\/yoast.com\/wordpress\/plugins\/seo\/ -->\n<title>Un sommet pour l\u2019Espoir \u2013 D\u00e9fi solidaire pour Le Rire M\u00e9decin<\/title>\n<meta name=\"description\" content=\"Gregory Mucedola gravira l\u2019Ama Dablam au N\u00e9pal pour soutenir Le Rire M\u00e9decin. D\u00e9couvrez ce d\u00e9fi solidaire et participez via la cagnotte.\" \/>\n<meta name=\"robots\" content=\"index, follow, max-snippet:-1, max-image-preview:large, max-video-preview:-1\" \/>\n<link rel=\"canonical\" href=\"https:\/\/sommetpourlespoir.com\/\" \/>\n<meta property=\"og:locale\" content=\"fr_FR\" \/>\n<meta property=\"og:type\" content=\"article\" \/>\n<meta property=\"og:title\" content=\"Un sommet pour l\u2019Espoir \u2013 D\u00e9fi solidaire pour Le Rire M\u00e9decin\" \/>\n<meta property=\"og:description\" content=\"Gregory Mucedola gravira l\u2019Ama Dablam au N\u00e9pal pour soutenir Le Rire M\u00e9decin. D\u00e9couvrez ce d\u00e9fi solidaire et participez via la cagnotte.\" \/>\n<meta property=\"og:url\" content=\"https:\/\/sommetpourlespoir.com\/\" \/>\n<meta property=\"og:site_name\" content=\"sommetpourlespoir.com\" \/>\n<meta property=\"article:modified_time\" content=\"2025-10-22T18:56:02+00:00\" \/>\n<meta property=\"og:image\" content=\"https:\/\/sommetpourlespoir.com\/wp-content\/uploads\/2025\/06\/gregory-mucedola.png\" \/>\n\t<meta property=\"og:image:width\" content=\"866\" \/>\n\t<meta property=\"og:image:height\" content=\"861\" \/>\n\t<meta property=\"og:image:type\" content=\"image\/png\" \/>\n<meta name=\"twitter:card\" content=\"summary_large_image\" \/>\n<meta name=\"twitter:label1\" content=\"Dur\u00e9e de lecture estim\u00e9e\" \/>\n\t<meta name=\"twitter:data1\" content=\"1 minute\" \/>\n<script type=\"application\/ld+json\" class=\"yoast-schema-graph\">{\"@context\":\"https:\/\/schema.org\",\"@graph\":[{\"@type\":\"WebPage\",\"@id\":\"https:\/\/sommetpourlespoir.com\/\",\"url\":\"https:\/\/sommetpourlespoir.com\/\",\"name\":\"Un sommet pour l\u2019Espoir \u2013 D\u00e9fi solidaire pour Le Rire M\u00e9decin\",\"isPartOf\":{\"@id\":\"https:\/\/sommetpourlespoir.com\/#website\"},\"primaryImageOfPage\":{\"@id\":\"https:\/\/sommetpourlespoir.com\/#primaryimage\"},\"image\":{\"@id\":\"https:\/\/sommetpourlespoir.com\/#primaryimage\"},\"thumbnailUrl\":\"https:\/\/sommetpourlespoir.com\/wp-content\/uploads\/2025\/06\/gregory-mucedola.png\",\"datePublished\":\"2019-03-15T15:09:59+00:00\",\"dateModified\":\"2025-10-22T18:56:02+00:00\",\"description\":\"Gregory Mucedola gravira l\u2019Ama Dablam au N\u00e9pal pour soutenir Le Rire M\u00e9decin. D\u00e9couvrez ce d\u00e9fi solidaire et participez via la cagnotte.\",\"breadcrumb\":{\"@id\":\"https:\/\/sommetpourlespoir.com\/#breadcrumb\"},\"inLanguage\":\"fr-FR\",\"potentialAction\":[{\"@type\":\"ReadAction\",\"target\":[\"https:\/\/sommetpourlespoir.com\/\"]}]},{\"@type\":\"ImageObject\",\"inLanguage\":\"fr-FR\",\"@id\":\"https:\/\/sommetpourlespoir.com\/#primaryimage\",\"url\":\"https:\/\/sommetpourlespoir.com\/wp-content\/uploads\/2025\/06\/gregory-mucedola.png\",\"contentUrl\":\"https:\/\/sommetpourlespoir.com\/wp-content\/uploads\/2025\/06\/gregory-mucedola.png\",\"width\":866,\"height\":861},{\"@type\":\"BreadcrumbList\",\"@id\":\"https:\/\/sommetpourlespoir.com\/#breadcrumb\",\"itemListElement\":[{\"@type\":\"ListItem\",\"position\":1,\"name\":\"Accueil\",\"item\":\"https:\/\/sommetpourlespoir.com\/\"},{\"@type\":\"ListItem\",\"position\":2,\"name\":\"Home\"}]},{\"@type\":\"WebSite\",\"@id\":\"https:\/\/sommetpourlespoir.com\/#website\",\"url\":\"https:\/\/sommetpourlespoir.com\/\",\"name\":\"sommetpourlespoir.com\",\"description\":\"Le sommet comme symbole d\u2019espoir.\",\"potentialAction\":[{\"@type\":\"SearchAction\",\"target\":{\"@type\":\"EntryPoint\",\"urlTemplate\":\"https:\/\/sommetpourlespoir.com\/?s={search_term_string}\"},\"query-input\":{\"@type\":\"PropertyValueSpecification\",\"valueRequired\":true,\"valueName\":\"search_term_string\"}}],\"inLanguage\":\"fr-FR\"}]}<\/script>\n<!-- \/ Yoast SEO plugin. -->","yoast_head_json":{"title":"Un sommet pour l\u2019Espoir \u2013 D\u00e9fi solidaire pour Le Rire M\u00e9decin","description":"Gregory Mucedola gravira l\u2019Ama Dablam au N\u00e9pal pour soutenir Le Rire M\u00e9decin. D\u00e9couvrez ce d\u00e9fi solidaire et participez via la cagnotte.","robots":{"index":"index","follow":"follow","max-snippet":"max-snippet:-1","max-image-preview":"max-image-preview:large","max-video-preview":"max-video-preview:-1"},"canonical":"https:\/\/sommetpourlespoir.com\/","og_locale":"fr_FR","og_type":"article","og_title":"Un sommet pour l\u2019Espoir \u2013 D\u00e9fi solidaire pour Le Rire M\u00e9decin","og_description":"Gregory Mucedola gravira l\u2019Ama Dablam au N\u00e9pal pour soutenir Le Rire M\u00e9decin. D\u00e9couvrez ce d\u00e9fi solidaire et participez via la cagnotte.","og_url":"https:\/\/sommetpourlespoir.com\/","og_site_name":"sommetpourlespoir.com","article_modified_time":"2025-10-22T18:56:02+00:00","og_image":[{"width":866,"height":861,"url":"https:\/\/sommetpourlespoir.com\/wp-content\/uploads\/2025\/06\/gregory-mucedola.png","type":"image\/png"}],"twitter_card":"summary_large_image","twitter_misc":{"Dur\u00e9e de lecture estim\u00e9e":"1 minute"},"schema":{"@context":"https:\/\/schema.org","@graph":[{"@type":"WebPage","@id":"https:\/\/sommetpourlespoir.com\/","url":"https:\/\/sommetpourlespoir.com\/","name":"Un sommet pour l\u2019Espoir \u2013 D\u00e9fi solidaire pour Le Rire M\u00e9decin","isPartOf":{"@id":"https:\/\/sommetpourlespoir.com\/#website"},"primaryImageOfPage":{"@id":"https:\/\/sommetpourlespoir.com\/#primaryimage"},"image":{"@id":"https:\/\/sommetpourlespoir.com\/#primaryimage"},"thumbnailUrl":"https:\/\/sommetpourlespoir.com\/wp-content\/uploads\/2025\/06\/gregory-mucedola.png","datePublished":"2019-03-15T15:09:59+00:00","dateModified":"2025-10-22T18:56:02+00:00","description":"Gregory Mucedola gravira l\u2019Ama Dablam au N\u00e9pal pour soutenir Le Rire M\u00e9decin. D\u00e9couvrez ce d\u00e9fi solidaire et participez via la cagnotte.","breadcrumb":{"@id":"https:\/\/sommetpourlespoir.com\/#breadcrumb"},"inLanguage":"fr-FR","potentialAction":[{"@type":"ReadAction","target":["https:\/\/sommetpourlespoir.com\/"]}]},{"@type":"ImageObject","inLanguage":"fr-FR","@id":"https:\/\/sommetpourlespoir.com\/#primaryimage","url":"https:\/\/sommetpourlespoir.com\/wp-content\/uploads\/2025\/06\/gregory-mucedola.png","contentUrl":"https:\/\/sommetpourlespoir.com\/wp-content\/uploads\/2025\/06\/gregory-mucedola.png","width":866,"height":861},{"@type":"BreadcrumbList","@id":"https:\/\/sommetpourlespoir.com\/#breadcrumb","itemListElement":[{"@type":"ListItem","position":1,"name":"Accueil","item":"https:\/\/sommetpourlespoir.com\/"},{"@type":"ListItem","position":2,"name":"Home"}]},{"@type":"WebSite","@id":"https:\/\/sommetpourlespoir.com\/#website","url":"https:\/\/sommetpourlespoir.com\/","name":"sommetpourlespoir.com","description":"Le sommet comme symbole d\u2019espoir.","potentialAction":[{"@type":"SearchAction","target":{"@type":"EntryPoint","urlTemplate":"https:\/\/sommetpourlespoir.com\/?s={search_term_string}"},"query-input":{"@type":"PropertyValueSpecification","valueRequired":true,"valueName":"search_term_string"}}],"inLanguage":"fr-FR"}]}},"_links":{"self":[{"href":"https:\/\/sommetpourlespoir.com\/index.php?rest_route=\/wp\/v2\/pages\/62","targetHints":{"allow":["GET"]}}],"collection":[{"href":"https:\/\/sommetpourlespoir.com\/index.php?rest_route=\/wp\/v2\/pages"}],"about":[{"href":"https:\/\/sommetpourlespoir.com\/index.php?rest_route=\/wp\/v2\/types\/page"}],"author":[{"embeddable":true,"href":"https:\/\/sommetpourlespoir.com\/index.php?rest_route=\/wp\/v2\/users\/1"}],"replies":[{"embeddable":true,"href":"https:\/\/sommetpourlespoir.com\/index.php?rest_route=%2Fwp%2Fv2%2Fcomments&post=62"}],"version-history":[{"count":1,"href":"https:\/\/sommetpourlespoir.com\/index.php?rest_route=\/wp\/v2\/pages\/62\/revisions"}],"predecessor-version":[{"id":65,"href":"https:\/\/sommetpourlespoir.com\/index.php?rest_route=\/wp\/v2\/pages\/62\/revisions\/65"}],"wp:featuredmedia":[{"embeddable":true,"href":"https:\/\/sommetpourlespoir.com\/index.php?rest_route=\/wp\/v2\/media\/94"}],"wp:attachment":[{"href":"https:\/\/sommetpourlespoir.com\/index.php?rest_route=%2Fwp%2Fv2%2Fmedia&parent=62"}],"curies":[{"name":"wp","href":"https:\/\/api.w.org\/{rel}","templated":true}]}}